{"id":70,"date":"2024-04-18T23:18:52","date_gmt":"2024-04-18T21:18:52","guid":{"rendered":"https:\/\/wswg.pl\/?page_id=70"},"modified":"2025-11-03T17:16:14","modified_gmt":"2025-11-03T16:16:14","slug":"wspolpraca-ze-stowarzyszeniem","status":"publish","type":"page","link":"https:\/\/wswg.pl\/?page_id=70","title":{"rendered":"Wsp\u00f3\u0142praca ze Stowarzyszeniem. Aktualno\u015bci."},"content":{"rendered":"\n<div style=\"height:var(--wp--preset--spacing--50)\" aria-hidden=\"true\" class=\"wp-block-spacer\"><\/div>\n\n\n\n<div class=\"wp-block-buttons alignwide is-layout-flex wp-block-buttons-is-layout-flex\">\n<div class=\"wp-block-button\"><a class=\"wp-block-button__link wp-element-button\" href=\"https:\/\/wswg.pl\/\">Powr\u00f3t na stron\u0119 g\u0142\u00f3wn\u0105<\/a><\/div>\n<\/div>\n\n\n\n<div class=\"wp-block-group alignwide has-global-padding is-layout-constrained wp-block-group-is-layout-constrained\">\n<h1 class=\"wp-block-heading alignwide has-large-font-size\" style=\"line-height:1.2\">1) Udzia\u0142 w pracach Stowarzyszenia po wst\u0105pieniu do jego struktur. Wniosek poni\u017cej.<\/h1>\n\n\n\n<h1 class=\"wp-block-heading alignwide has-large-font-size\">2) Sk\u0142adanie za po\u015brednictwem poczty e-mail propozycji wsp\u00f3\u0142pracy (akcje\/kampanie informacyjne, organizacja wiec\u00f3w\/marsz\u00f3w, odczyt\u00f3w\/konferencji i innych wydarze\u0144 publicznych, inicjowanie wydarze\u0144 religijnych).<\/h1>\n\n\n\n<h2 class=\"wp-block-heading alignwide has-large-font-size\">3) Wspieranie finansowe poprzez wp\u0142at\u0119 dowolnej kwoty na konto bankowe PLN: <strong>98 1240 6087 1111 0011 3804 6100<\/strong> lub <mark style=\"background-color:rgba(0, 0, 0, 0)\" class=\"has-inline-color has-accent-3-color\">EUR: <\/mark><strong><mark style=\"background-color:rgba(0, 0, 0, 0)\" class=\"has-inline-color has-accent-3-color\">27 1240 6087 1978 0011 3804 6126<\/mark><\/strong> lub <mark style=\"background-color:rgba(0, 0, 0, 0)\" class=\"has-inline-color has-accent-4-color\">USD:<strong> 29 1240 6087 1787 0011 3866 7419<\/strong><\/mark> z tytu\u0142em przelewu &#8222;darowizna na cele statutowe&#8221;. <\/h2>\n\n\n\n<h1 class=\"wp-block-heading alignwide has-large-font-size\">4) Filmy z konferencji &#8222;Znaczenie Gietrzwa\u0142du dla Polskiego Narodu i Ko\u015bcio\u0142a &#8211; historia i wsp\u00f3\u0142czesno\u015b\u0107&#8221;. Warszawa 15 czerwca 2024 roku. Poni\u017csze filmy mo\u017cna tak\u017ce pr\u00f3bowa\u0107 obejrze\u0107 mi\u0119dzy innymi na kanale YT &#8222;Rafa\u0142 Mossakowski&#8221; i platformie Rumble &#8211; kana\u0142 &#8222;CEPolska&#8221;.<\/h1>\n\n\n\n<p><\/p>\n\n\n\n<div class=\"wp-block-buttons alignwide is-layout-flex wp-block-buttons-is-layout-flex\">\n<div class=\"wp-block-button\"><a class=\"wp-block-button__link wp-element-button\" href=\"https:\/\/www.youtube.com\/watch?v=XENi0EtdsK8\">Film &#8222;Gietrzwa\u0142d z nieba vs projekt Lidl&#8221;<\/a><\/div>\n<\/div>\n\n\n\n<div class=\"wp-block-buttons alignwide is-layout-flex wp-block-buttons-is-layout-flex\">\n<div class=\"wp-block-button\"><a class=\"wp-block-button__link wp-element-button\" href=\"https:\/\/www.youtube.com\/watch?v=Fh_t_IV0Xbc&amp;t=215s\">Wyk\u0142ad pos\u0142a Grzegorza Brauna kana\u0142 YT Centrum Edukacyjne Polska<\/a><\/div>\n<\/div>\n\n\n\n<div class=\"wp-block-buttons alignwide is-layout-flex wp-block-buttons-is-layout-flex\">\n<div class=\"wp-block-button\"><a class=\"wp-block-button__link wp-element-button\" href=\"https:\/\/www.youtube.com\/watch?v=mYq9NUAwz64&amp;t=300s\">Wyk\u0142ad Pani Ewy Paweli kana\u0142 YT Centrum Edukacyjne Polska<\/a><\/div>\n<\/div>\n\n\n\n<div class=\"wp-block-buttons alignwide is-layout-flex wp-block-buttons-is-layout-flex\">\n<div class=\"wp-block-button\"><a class=\"wp-block-button__link wp-element-button\" href=\"https:\/\/www.youtube.com\/watch?v=YJsbUj0jjCY\">Wyk\u0142ad ks. dr hab. Krzysztofa Bielawnego YT Centrum Edukacyjne Polska<\/a><\/div>\n<\/div>\n\n\n\n<div class=\"wp-block-buttons alignwide is-layout-flex wp-block-buttons-is-layout-flex\">\n<div class=\"wp-block-button\"><a class=\"wp-block-button__link wp-element-button\" href=\"https:\/\/www.youtube.com\/watch?v=q44JG3zW9Rs\">Wyk\u0142ad mistrza Jerzego Dudy YT Centrum Edukacyjne Polska<\/a><\/div>\n<\/div>\n\n\n\n<div class=\"wp-block-buttons alignwide is-layout-flex wp-block-buttons-is-layout-flex\">\n<div class=\"wp-block-button\"><a class=\"wp-block-button__link wp-element-button\" href=\"https:\/\/www.youtube.com\/watch?v=Y0mO9Q1haGk\">Wyk\u0142ad Pana Jacka Wi\u0105cka (Komitet Obrony Gietrzwa\u0142du) YT Centrum Edukacyjne Polska<\/a><\/div>\n<\/div>\n\n\n\n<div class=\"wp-block-buttons alignwide is-layout-flex wp-block-buttons-is-layout-flex\">\n<div class=\"wp-block-button\"><a class=\"wp-block-button__link wp-element-button\" href=\"https:\/\/www.youtube.com\/watch?v=Zuq7aHBIBU4\">Wyk\u0142ad Pana Jerzego Zieli\u0144skiego YT Centrum Edukacyjne Polska<\/a><\/div>\n<\/div>\n\n\n\n<div class=\"wp-block-buttons alignwide is-layout-flex wp-block-buttons-is-layout-flex\">\n<div class=\"wp-block-button\"><a class=\"wp-block-button__link wp-element-button\" href=\"https:\/\/www.youtube.com\/watch?v=mjZUrrl0PI8\">Wyk\u0142ad dr Kazimierza Krawczyka (Fundacja \u015aw. Olaf) YT Centrum Edukacyjne Polska<\/a><\/div>\n<\/div>\n\n\n\n<h2 class=\"wp-block-heading alignwide has-large-font-size\">5) Korporacja Lidl rezygnuje z budowy centrum dystrybucyjnego w Gietrzwa\u0142dzie. O\u015bwiadczenie Lidl Polska z dnia 2025.06.03. Zwyci\u0119stwo. <\/h2>\n\n\n\n<div class=\"wp-block-buttons alignwide is-layout-flex wp-block-buttons-is-layout-flex\">\n<div class=\"wp-block-button\"><a class=\"wp-block-button__link wp-element-button\" href=\"https:\/\/www.youtube.com\/watch?v=4NuCSm3QGO4&amp;t=5s\">Konferencja prasowa Konfederacji Korony Polskiej w Sejmie<\/a><\/div>\n<\/div>\n\n\n\n<h2 class=\"wp-block-heading alignwide has-large-font-size\">6) Warszawskie Stowarzyszenie Wspierania Gietrzwa\u0142du w ramach akcji 150 kapliczek gietrzwa\u0142dzkich na 150 lecie objawie\u0144 Matki Bo\u017cej w Gietrzwa\u0142dzie z 1877 roku pragnie wesprze\u0107 budow\u0119 kapliczki w Kamie\u0144czyku, pi\u0119knie po\u0142o\u017conym nad Bugiem na Mazowszu. Kapliczka zostanie wybudowana na terenie tamtejszej parafii pod wezwaniem Wniebowzi\u0119cia NMP. Ch\u0119tnych do wzi\u0119cia udzia\u0142u w tym przedsi\u0119wzi\u0119ciu prosimy o pomoc, tak\u017ce o wp\u0142aty na konta Stowarzyszenia z dopiskiem: &#8222;na kapliczk\u0119 w Kamie\u0144czyku&#8221;.<\/h2>\n\n\n\n<div class=\"wp-block-buttons alignwide is-layout-flex wp-block-buttons-is-layout-flex\">\n<div class=\"wp-block-button\"><a class=\"wp-block-button__link wp-element-button\" href=\"https:\/\/www.youtube.com\/watch?v=dq4BF5xIvOc&amp;t=131s\">Zbigniew Dworakowski w Centrum Edukacyjnym Polska &#8211; wywiad<\/a><\/div>\n<\/div>\n<\/div>\n\n\n\n<div class=\"wp-block-group alignfull has-global-padding is-layout-constrained wp-container-core-group-is-layout-b25ccd55 wp-block-group-is-layout-constrained\" style=\"margin-top:0;margin-bottom:0;padding-top:var(--wp--preset--spacing--50);padding-right:var(--wp--preset--spacing--50);padding-bottom:var(--wp--preset--spacing--50);padding-left:var(--wp--preset--spacing--50)\">\n<div class=\"wp-block-columns alignwide is-layout-flex wp-container-core-columns-is-layout-ff4b9c61 wp-block-columns-is-layout-flex\" style=\"margin-top:0;margin-bottom:0\">\n<div class=\"wp-block-column is-layout-flow wp-container-core-column-is-layout-8a368f38 wp-block-column-is-layout-flow\">\n\n\n<div style=\"height:var(--wp--preset--spacing--50)\" aria-hidden=\"true\" class=\"wp-block-spacer\"><\/div>\n\n\n\n<div style=\"height:var(--wp--preset--spacing--50)\" aria-hidden=\"true\" class=\"wp-block-spacer\"><\/div>\n\n\n<\/div>\n\n\n\n<div class=\"wp-block-column is-layout-flow wp-container-core-column-is-layout-8a368f38 wp-block-column-is-layout-flow\">\n<div style=\"height:var(--wp--preset--spacing--50)\" aria-hidden=\"true\" class=\"wp-block-spacer\"><\/div>\n\n\n\n\n\n<div style=\"height:var(--wp--preset--spacing--50)\" aria-hidden=\"true\" class=\"wp-block-spacer\"><\/div>\n\n\n\n\n\n<div style=\"height:var(--wp--preset--spacing--50)\" aria-hidden=\"true\" class=\"wp-block-spacer\"><\/div>\n\n\n<\/div>\n\n\n\n<div class=\"wp-block-column is-layout-flow wp-container-core-column-is-layout-8a368f38 wp-block-column-is-layout-flow\">\n\n\n<div style=\"height:var(--wp--preset--spacing--50)\" aria-hidden=\"true\" class=\"wp-block-spacer\"><\/div>\n\n\n\n\n\n<div style=\"height:var(--wp--preset--spacing--50)\" aria-hidden=\"true\" class=\"wp-block-spacer\"><\/div>\n\n\n<\/div>\n\n\n\n<div class=\"wp-block-column is-layout-flow wp-container-core-column-is-layout-8a368f38 wp-block-column-is-layout-flow\">\n<div style=\"height:var(--wp--preset--spacing--50)\" aria-hidden=\"true\" class=\"wp-block-spacer\"><\/div>\n\n\n\n\n\n<div style=\"height:var(--wp--preset--spacing--50)\" aria-hidden=\"true\" class=\"wp-block-spacer\"><\/div>\n\n\n\n\n\n<div style=\"height:var(--wp--preset--spacing--50)\" aria-hidden=\"true\" class=\"wp-block-spacer\"><\/div>\n\n\n<\/div>\n<\/div>\n\n\n\n<div class=\"wp-block-buttons alignwide is-layout-flex wp-block-buttons-is-layout-flex\">\n<div class=\"wp-block-button\"><a class=\"wp-block-button__link wp-element-button\" href=\"https:\/\/wswg.pl\/\">Powr\u00f3t na stron\u0119 g\u0142\u00f3wn\u0105<\/a><\/div>\n<\/div>\n<\/div>\n","protected":false},"excerpt":{"rendered":"<p>1) Udzia\u0142 w pracach Stowarzyszenia po wst\u0105pieniu do jego struktur. Wniosek poni\u017cej. 2) Sk\u0142adanie za po\u015brednictwem poczty e-mail propozycji wsp\u00f3\u0142pracy (akcje\/kampanie informacyjne, organizacja wiec\u00f3w\/marsz\u00f3w, odczyt\u00f3w\/konferencji i innych wydarze\u0144 publicznych, inicjowanie wydarze\u0144 religijnych). 3) Wspieranie finansowe poprzez wp\u0142at\u0119 dowolnej kwoty na konto bankowe PLN: 98 1240 6087 1111 0011 3804 6100 lub EUR: 27 1240 6087 [&hellip;]<\/p>\n","protected":false},"author":1,"featured_media":0,"parent":9,"menu_order":0,"comment_status":"closed","ping_status":"closed","template":"","meta":{"footnotes":""},"class_list":["post-70","page","type-page","status-publish","hentry"],"yoast_head":"<!-- This site is optimized with the Yoast SEO plugin v22.4 - https:\/\/yoast.com\/wordpress\/plugins\/seo\/ -->\n<title>Wsp\u00f3\u0142praca ze Stowarzyszeniem. Aktualno\u015bci. - wordpressplugins<\/title>\n<meta name=\"robots\" content=\"index, follow, max-snippet:-1, max-image-preview:large, max-video-preview:-1\" \/>\n<link rel=\"canonical\" href=\"https:\/\/wswg.pl\/?page_id=70\" \/>\n<meta property=\"og:locale\" content=\"pl_PL\" \/>\n<meta property=\"og:type\" content=\"article\" \/>\n<meta property=\"og:title\" content=\"Wsp\u00f3\u0142praca ze Stowarzyszeniem. Aktualno\u015bci. - wordpressplugins\" \/>\n<meta property=\"og:description\" content=\"1) Udzia\u0142 w pracach Stowarzyszenia po wst\u0105pieniu do jego struktur. Wniosek poni\u017cej. 2) Sk\u0142adanie za po\u015brednictwem poczty e-mail propozycji wsp\u00f3\u0142pracy (akcje\/kampanie informacyjne, organizacja wiec\u00f3w\/marsz\u00f3w, odczyt\u00f3w\/konferencji i innych wydarze\u0144 publicznych, inicjowanie wydarze\u0144 religijnych). 3) Wspieranie finansowe poprzez wp\u0142at\u0119 dowolnej kwoty na konto bankowe PLN: 98 1240 6087 1111 0011 3804 6100 lub EUR: 27 1240 6087 [&hellip;]\" \/>\n<meta property=\"og:url\" content=\"https:\/\/wswg.pl\/?page_id=70\" \/>\n<meta property=\"og:site_name\" content=\"wordpressplugins\" \/>\n<meta property=\"article:modified_time\" content=\"2025-11-03T16:16:14+00:00\" \/>\n<meta name=\"twitter:card\" content=\"summary_large_image\" \/>\n<meta name=\"twitter:label1\" content=\"Szacowany czas czytania\" \/>\n\t<meta name=\"twitter:data1\" content=\"4 minuty\" \/>\n<script type=\"application\/ld+json\" class=\"yoast-schema-graph\">{\"@context\":\"https:\/\/schema.org\",\"@graph\":[{\"@type\":\"WebPage\",\"@id\":\"https:\/\/wswg.pl\/?page_id=70\",\"url\":\"https:\/\/wswg.pl\/?page_id=70\",\"name\":\"Wsp\u00f3\u0142praca ze Stowarzyszeniem. Aktualno\u015bci. - wordpressplugins\",\"isPartOf\":{\"@id\":\"https:\/\/wswg.pl\/#website\"},\"datePublished\":\"2024-04-18T21:18:52+00:00\",\"dateModified\":\"2025-11-03T16:16:14+00:00\",\"breadcrumb\":{\"@id\":\"https:\/\/wswg.pl\/?page_id=70#breadcrumb\"},\"inLanguage\":\"pl-PL\",\"potentialAction\":[{\"@type\":\"ReadAction\",\"target\":[\"https:\/\/wswg.pl\/?page_id=70\"]}]},{\"@type\":\"BreadcrumbList\",\"@id\":\"https:\/\/wswg.pl\/?page_id=70#breadcrumb\",\"itemListElement\":[{\"@type\":\"ListItem\",\"position\":1,\"name\":\"Home\",\"item\":\"https:\/\/wswg.pl\/\"},{\"@type\":\"ListItem\",\"position\":2,\"name\":\"Warszawskie Stowarzyszenie Wspierania Gietrzwa\u0142du\",\"item\":\"https:\/\/wswg.pl\/\"},{\"@type\":\"ListItem\",\"position\":3,\"name\":\"Wsp\u00f3\u0142praca ze Stowarzyszeniem. Aktualno\u015bci.\"}]},{\"@type\":\"WebSite\",\"@id\":\"https:\/\/wswg.pl\/#website\",\"url\":\"https:\/\/wswg.pl\/\",\"name\":\"wordpressplugins\",\"description\":\"1-sza strona wswg\",\"potentialAction\":[{\"@type\":\"SearchAction\",\"target\":{\"@type\":\"EntryPoint\",\"urlTemplate\":\"https:\/\/wswg.pl\/?s={search_term_string}\"},\"query-input\":\"required name=search_term_string\"}],\"inLanguage\":\"pl-PL\"}]}<\/script>\n<!-- \/ Yoast SEO plugin. -->","yoast_head_json":{"title":"Wsp\u00f3\u0142praca ze Stowarzyszeniem. Aktualno\u015bci. - wordpressplugins","robots":{"index":"index","follow":"follow","max-snippet":"max-snippet:-1","max-image-preview":"max-image-preview:large","max-video-preview":"max-video-preview:-1"},"canonical":"https:\/\/wswg.pl\/?page_id=70","og_locale":"pl_PL","og_type":"article","og_title":"Wsp\u00f3\u0142praca ze Stowarzyszeniem. Aktualno\u015bci. - wordpressplugins","og_description":"1) Udzia\u0142 w pracach Stowarzyszenia po wst\u0105pieniu do jego struktur. Wniosek poni\u017cej. 2) Sk\u0142adanie za po\u015brednictwem poczty e-mail propozycji wsp\u00f3\u0142pracy (akcje\/kampanie informacyjne, organizacja wiec\u00f3w\/marsz\u00f3w, odczyt\u00f3w\/konferencji i innych wydarze\u0144 publicznych, inicjowanie wydarze\u0144 religijnych). 3) Wspieranie finansowe poprzez wp\u0142at\u0119 dowolnej kwoty na konto bankowe PLN: 98 1240 6087 1111 0011 3804 6100 lub EUR: 27 1240 6087 [&hellip;]","og_url":"https:\/\/wswg.pl\/?page_id=70","og_site_name":"wordpressplugins","article_modified_time":"2025-11-03T16:16:14+00:00","twitter_card":"summary_large_image","twitter_misc":{"Szacowany czas czytania":"4 minuty"},"schema":{"@context":"https:\/\/schema.org","@graph":[{"@type":"WebPage","@id":"https:\/\/wswg.pl\/?page_id=70","url":"https:\/\/wswg.pl\/?page_id=70","name":"Wsp\u00f3\u0142praca ze Stowarzyszeniem. Aktualno\u015bci. - wordpressplugins","isPartOf":{"@id":"https:\/\/wswg.pl\/#website"},"datePublished":"2024-04-18T21:18:52+00:00","dateModified":"2025-11-03T16:16:14+00:00","breadcrumb":{"@id":"https:\/\/wswg.pl\/?page_id=70#breadcrumb"},"inLanguage":"pl-PL","potentialAction":[{"@type":"ReadAction","target":["https:\/\/wswg.pl\/?page_id=70"]}]},{"@type":"BreadcrumbList","@id":"https:\/\/wswg.pl\/?page_id=70#breadcrumb","itemListElement":[{"@type":"ListItem","position":1,"name":"Home","item":"https:\/\/wswg.pl\/"},{"@type":"ListItem","position":2,"name":"Warszawskie Stowarzyszenie Wspierania Gietrzwa\u0142du","item":"https:\/\/wswg.pl\/"},{"@type":"ListItem","position":3,"name":"Wsp\u00f3\u0142praca ze Stowarzyszeniem. Aktualno\u015bci."}]},{"@type":"WebSite","@id":"https:\/\/wswg.pl\/#website","url":"https:\/\/wswg.pl\/","name":"wordpressplugins","description":"1-sza strona wswg","potentialAction":[{"@type":"SearchAction","target":{"@type":"EntryPoint","urlTemplate":"https:\/\/wswg.pl\/?s={search_term_string}"},"query-input":"required name=search_term_string"}],"inLanguage":"pl-PL"}]}},"_links":{"self":[{"href":"https:\/\/wswg.pl\/index.php?rest_route=\/wp\/v2\/pages\/70","targetHints":{"allow":["GET"]}}],"collection":[{"href":"https:\/\/wswg.pl\/index.php?rest_route=\/wp\/v2\/pages"}],"about":[{"href":"https:\/\/wswg.pl\/index.php?rest_route=\/wp\/v2\/types\/page"}],"author":[{"embeddable":true,"href":"https:\/\/wswg.pl\/index.php?rest_route=\/wp\/v2\/users\/1"}],"replies":[{"embeddable":true,"href":"https:\/\/wswg.pl\/index.php?rest_route=%2Fwp%2Fv2%2Fcomments&post=70"}],"version-history":[{"count":29,"href":"https:\/\/wswg.pl\/index.php?rest_route=\/wp\/v2\/pages\/70\/revisions"}],"predecessor-version":[{"id":444,"href":"https:\/\/wswg.pl\/index.php?rest_route=\/wp\/v2\/pages\/70\/revisions\/444"}],"up":[{"embeddable":true,"href":"https:\/\/wswg.pl\/index.php?rest_route=\/wp\/v2\/pages\/9"}],"wp:attachment":[{"href":"https:\/\/wswg.pl\/index.php?rest_route=%2Fwp%2Fv2%2Fmedia&parent=70"}],"curies":[{"name":"wp","href":"https:\/\/api.w.org\/{rel}","templated":true}]}}