{"id":448,"date":"2025-11-03T17:45:25","date_gmt":"2025-11-03T16:45:25","guid":{"rendered":"https:\/\/wswg.pl\/?page_id=448"},"modified":"2025-11-03T18:18:13","modified_gmt":"2025-11-03T17:18:13","slug":"150-kapliczek","status":"publish","type":"page","link":"https:\/\/wswg.pl\/?page_id=448","title":{"rendered":"150 kapliczek gietrzwa\u0142dzkich na 150 &#8211; lecie objawie\u0144 NMP z roku 1877 r."},"content":{"rendered":"\n<div style=\"height:var(--wp--preset--spacing--50)\" aria-hidden=\"true\" class=\"wp-block-spacer\"><\/div>\n\n\n\n<div class=\"wp-block-group alignwide has-global-padding is-layout-constrained wp-block-group-is-layout-constrained\">\n<h1 class=\"wp-block-heading alignwide has-xx-large-font-size\" style=\"line-height:1.2\">Warszawskie Stowarzyszenie Wspierania Gietrzwa\u0142du w ramach akcji 150 kapliczek gietrzwa\u0142dzkich na 150 lecie objawie\u0144 Matki Bo\u017cej w Gietrzwa\u0142dzie z 1877 roku pragnie wesprze\u0107 budow\u0119 kapliczki w Kamie\u0144czyku, pi\u0119knie po\u0142o\u017conym nad Bugiem na Mazowszu. Kapliczka zostanie wybudowana na terenie tamtejszej parafii pod wezwaniem Wniebowzi\u0119cia NMP. Ch\u0119tnych do wzi\u0119cia udzia\u0142u w tym przedsi\u0119wzi\u0119ciu prosimy o pomoc, tak\u017ce o wp\u0142aty na konta Stowarzyszenia z dopiskiem: \u201ena kapliczk\u0119 w Kamie\u0144czyku\u201d.<\/h1>\n\n\n\n<div class=\"wp-block-buttons alignwide is-layout-flex wp-block-buttons-is-layout-flex\">\n<div class=\"wp-block-button\"><a class=\"wp-block-button__link wp-element-button\" href=\"https:\/\/www.youtube.com\/watch?v=dq4BF5xIvOc&amp;t=131s\">Zbigniew Dworakowski w Centrum Edukacyjnym Polska- wywiad<\/a><\/div>\n<\/div>\n\n\n\n<div class=\"wp-block-buttons alignwide is-layout-flex wp-block-buttons-is-layout-flex\">\n<div class=\"wp-block-button\"><a class=\"wp-block-button__link wp-element-button\" href=\"https:\/\/www.facebook.com\/p\/Parafia-Kamie%C5%84czyk-100070411809795\/?locale=pl_PL\">Parafia pw. Wniebowzi\u0119cia NMP w Kamie\u0144czyku &#8211; profil na FB.<\/a><\/div>\n<\/div>\n<\/div>\n\n\n\n<div class=\"wp-block-group alignfull has-global-padding is-layout-constrained wp-container-core-group-is-layout-b25ccd55 wp-block-group-is-layout-constrained\" style=\"margin-top:0;margin-bottom:0;padding-top:var(--wp--preset--spacing--50);padding-right:var(--wp--preset--spacing--50);padding-bottom:var(--wp--preset--spacing--50);padding-left:var(--wp--preset--spacing--50)\">\n<div class=\"wp-block-columns alignwide is-layout-flex wp-container-core-columns-is-layout-ff4b9c61 wp-block-columns-is-layout-flex\" style=\"margin-top:0;margin-bottom:0\">\n<div class=\"wp-block-column is-layout-flow wp-container-core-column-is-layout-8a368f38 wp-block-column-is-layout-flow\">\n\n\n<div style=\"height:var(--wp--preset--spacing--50)\" aria-hidden=\"true\" class=\"wp-block-spacer\"><\/div>\n\n\n\n\n\n<div style=\"height:var(--wp--preset--spacing--50)\" aria-hidden=\"true\" class=\"wp-block-spacer\"><\/div>\n\n\n<\/div>\n\n\n\n<div class=\"wp-block-column is-layout-flow wp-container-core-column-is-layout-8a368f38 wp-block-column-is-layout-flow\">\n<div style=\"height:var(--wp--preset--spacing--50)\" aria-hidden=\"true\" class=\"wp-block-spacer\"><\/div>\n\n\n\n\n\n<div style=\"height:var(--wp--preset--spacing--50)\" aria-hidden=\"true\" class=\"wp-block-spacer\"><\/div>\n\n\n\n\n\n<div style=\"height:var(--wp--preset--spacing--50)\" aria-hidden=\"true\" class=\"wp-block-spacer\"><\/div>\n\n\n<\/div>\n\n\n\n<div class=\"wp-block-column is-layout-flow wp-container-core-column-is-layout-8a368f38 wp-block-column-is-layout-flow\">\n\n\n<div style=\"height:var(--wp--preset--spacing--50)\" aria-hidden=\"true\" class=\"wp-block-spacer\"><\/div>\n\n\n\n\n\n<div style=\"height:var(--wp--preset--spacing--50)\" aria-hidden=\"true\" class=\"wp-block-spacer\"><\/div>\n\n\n<\/div>\n\n\n\n<div class=\"wp-block-column is-layout-flow wp-container-core-column-is-layout-8a368f38 wp-block-column-is-layout-flow\">\n<div style=\"height:var(--wp--preset--spacing--50)\" aria-hidden=\"true\" class=\"wp-block-spacer\"><\/div>\n\n\n\n\n\n<div style=\"height:var(--wp--preset--spacing--50)\" aria-hidden=\"true\" class=\"wp-block-spacer\"><\/div>\n\n\n\n\n\n<div style=\"height:var(--wp--preset--spacing--50)\" aria-hidden=\"true\" class=\"wp-block-spacer\"><\/div>\n\n\n<\/div>\n<\/div>\n\n\n\n<div class=\"wp-block-buttons is-layout-flex wp-block-buttons-is-layout-flex\">\n<div class=\"wp-block-button\"><a class=\"wp-block-button__link wp-element-button\" href=\"https:\/\/wswg.pl\/\">Powr\u00f3t na stron\u0119 g\u0142\u00f3wn\u0105<\/a><\/div>\n<\/div>\n<\/div>\n","protected":false},"excerpt":{"rendered":"<p>Warszawskie Stowarzyszenie Wspierania Gietrzwa\u0142du w ramach akcji 150 kapliczek gietrzwa\u0142dzkich na 150 lecie objawie\u0144 Matki Bo\u017cej w Gietrzwa\u0142dzie z 1877 roku pragnie wesprze\u0107 budow\u0119 kapliczki w Kamie\u0144czyku, pi\u0119knie po\u0142o\u017conym nad Bugiem na Mazowszu. Kapliczka zostanie wybudowana na terenie tamtejszej parafii pod wezwaniem Wniebowzi\u0119cia NMP. Ch\u0119tnych do wzi\u0119cia udzia\u0142u w tym przedsi\u0119wzi\u0119ciu prosimy o pomoc, tak\u017ce [&hellip;]<\/p>\n","protected":false},"author":1,"featured_media":0,"parent":0,"menu_order":0,"comment_status":"closed","ping_status":"closed","template":"","meta":{"footnotes":""},"class_list":["post-448","page","type-page","status-publish","hentry"],"yoast_head":"<!-- This site is optimized with the Yoast SEO plugin v22.4 - https:\/\/yoast.com\/wordpress\/plugins\/seo\/ -->\n<title>150 kapliczek gietrzwa\u0142dzkich na 150 - lecie objawie\u0144 NMP z roku 1877 r. - wordpressplugins<\/title>\n<meta name=\"robots\" content=\"index, follow, max-snippet:-1, max-image-preview:large, max-video-preview:-1\" \/>\n<link rel=\"canonical\" href=\"https:\/\/wswg.pl\/?page_id=448\" \/>\n<meta property=\"og:locale\" content=\"pl_PL\" \/>\n<meta property=\"og:type\" content=\"article\" \/>\n<meta property=\"og:title\" content=\"150 kapliczek gietrzwa\u0142dzkich na 150 - lecie objawie\u0144 NMP z roku 1877 r. - wordpressplugins\" \/>\n<meta property=\"og:description\" content=\"Warszawskie Stowarzyszenie Wspierania Gietrzwa\u0142du w ramach akcji 150 kapliczek gietrzwa\u0142dzkich na 150 lecie objawie\u0144 Matki Bo\u017cej w Gietrzwa\u0142dzie z 1877 roku pragnie wesprze\u0107 budow\u0119 kapliczki w Kamie\u0144czyku, pi\u0119knie po\u0142o\u017conym nad Bugiem na Mazowszu. Kapliczka zostanie wybudowana na terenie tamtejszej parafii pod wezwaniem Wniebowzi\u0119cia NMP. Ch\u0119tnych do wzi\u0119cia udzia\u0142u w tym przedsi\u0119wzi\u0119ciu prosimy o pomoc, tak\u017ce [&hellip;]\" \/>\n<meta property=\"og:url\" content=\"https:\/\/wswg.pl\/?page_id=448\" \/>\n<meta property=\"og:site_name\" content=\"wordpressplugins\" \/>\n<meta property=\"article:modified_time\" content=\"2025-11-03T17:18:13+00:00\" \/>\n<meta name=\"twitter:card\" content=\"summary_large_image\" \/>\n<meta name=\"twitter:label1\" content=\"Szacowany czas czytania\" \/>\n\t<meta name=\"twitter:data1\" content=\"3 minuty\" \/>\n<script type=\"application\/ld+json\" class=\"yoast-schema-graph\">{\"@context\":\"https:\/\/schema.org\",\"@graph\":[{\"@type\":\"WebPage\",\"@id\":\"https:\/\/wswg.pl\/?page_id=448\",\"url\":\"https:\/\/wswg.pl\/?page_id=448\",\"name\":\"150 kapliczek gietrzwa\u0142dzkich na 150 - lecie objawie\u0144 NMP z roku 1877 r. - wordpressplugins\",\"isPartOf\":{\"@id\":\"https:\/\/wswg.pl\/#website\"},\"datePublished\":\"2025-11-03T16:45:25+00:00\",\"dateModified\":\"2025-11-03T17:18:13+00:00\",\"breadcrumb\":{\"@id\":\"https:\/\/wswg.pl\/?page_id=448#breadcrumb\"},\"inLanguage\":\"pl-PL\",\"potentialAction\":[{\"@type\":\"ReadAction\",\"target\":[\"https:\/\/wswg.pl\/?page_id=448\"]}]},{\"@type\":\"BreadcrumbList\",\"@id\":\"https:\/\/wswg.pl\/?page_id=448#breadcrumb\",\"itemListElement\":[{\"@type\":\"ListItem\",\"position\":1,\"name\":\"Home\",\"item\":\"https:\/\/wswg.pl\/\"},{\"@type\":\"ListItem\",\"position\":2,\"name\":\"150 kapliczek gietrzwa\u0142dzkich na 150 &#8211; lecie objawie\u0144 NMP z roku 1877 r.\"}]},{\"@type\":\"WebSite\",\"@id\":\"https:\/\/wswg.pl\/#website\",\"url\":\"https:\/\/wswg.pl\/\",\"name\":\"wordpressplugins\",\"description\":\"1-sza strona wswg\",\"potentialAction\":[{\"@type\":\"SearchAction\",\"target\":{\"@type\":\"EntryPoint\",\"urlTemplate\":\"https:\/\/wswg.pl\/?s={search_term_string}\"},\"query-input\":\"required name=search_term_string\"}],\"inLanguage\":\"pl-PL\"}]}<\/script>\n<!-- \/ Yoast SEO plugin. -->","yoast_head_json":{"title":"150 kapliczek gietrzwa\u0142dzkich na 150 - lecie objawie\u0144 NMP z roku 1877 r. - wordpressplugins","robots":{"index":"index","follow":"follow","max-snippet":"max-snippet:-1","max-image-preview":"max-image-preview:large","max-video-preview":"max-video-preview:-1"},"canonical":"https:\/\/wswg.pl\/?page_id=448","og_locale":"pl_PL","og_type":"article","og_title":"150 kapliczek gietrzwa\u0142dzkich na 150 - lecie objawie\u0144 NMP z roku 1877 r. - wordpressplugins","og_description":"Warszawskie Stowarzyszenie Wspierania Gietrzwa\u0142du w ramach akcji 150 kapliczek gietrzwa\u0142dzkich na 150 lecie objawie\u0144 Matki Bo\u017cej w Gietrzwa\u0142dzie z 1877 roku pragnie wesprze\u0107 budow\u0119 kapliczki w Kamie\u0144czyku, pi\u0119knie po\u0142o\u017conym nad Bugiem na Mazowszu. Kapliczka zostanie wybudowana na terenie tamtejszej parafii pod wezwaniem Wniebowzi\u0119cia NMP. Ch\u0119tnych do wzi\u0119cia udzia\u0142u w tym przedsi\u0119wzi\u0119ciu prosimy o pomoc, tak\u017ce [&hellip;]","og_url":"https:\/\/wswg.pl\/?page_id=448","og_site_name":"wordpressplugins","article_modified_time":"2025-11-03T17:18:13+00:00","twitter_card":"summary_large_image","twitter_misc":{"Szacowany czas czytania":"3 minuty"},"schema":{"@context":"https:\/\/schema.org","@graph":[{"@type":"WebPage","@id":"https:\/\/wswg.pl\/?page_id=448","url":"https:\/\/wswg.pl\/?page_id=448","name":"150 kapliczek gietrzwa\u0142dzkich na 150 - lecie objawie\u0144 NMP z roku 1877 r. - wordpressplugins","isPartOf":{"@id":"https:\/\/wswg.pl\/#website"},"datePublished":"2025-11-03T16:45:25+00:00","dateModified":"2025-11-03T17:18:13+00:00","breadcrumb":{"@id":"https:\/\/wswg.pl\/?page_id=448#breadcrumb"},"inLanguage":"pl-PL","potentialAction":[{"@type":"ReadAction","target":["https:\/\/wswg.pl\/?page_id=448"]}]},{"@type":"BreadcrumbList","@id":"https:\/\/wswg.pl\/?page_id=448#breadcrumb","itemListElement":[{"@type":"ListItem","position":1,"name":"Home","item":"https:\/\/wswg.pl\/"},{"@type":"ListItem","position":2,"name":"150 kapliczek gietrzwa\u0142dzkich na 150 &#8211; lecie objawie\u0144 NMP z roku 1877 r."}]},{"@type":"WebSite","@id":"https:\/\/wswg.pl\/#website","url":"https:\/\/wswg.pl\/","name":"wordpressplugins","description":"1-sza strona wswg","potentialAction":[{"@type":"SearchAction","target":{"@type":"EntryPoint","urlTemplate":"https:\/\/wswg.pl\/?s={search_term_string}"},"query-input":"required name=search_term_string"}],"inLanguage":"pl-PL"}]}},"_links":{"self":[{"href":"https:\/\/wswg.pl\/index.php?rest_route=\/wp\/v2\/pages\/448","targetHints":{"allow":["GET"]}}],"collection":[{"href":"https:\/\/wswg.pl\/index.php?rest_route=\/wp\/v2\/pages"}],"about":[{"href":"https:\/\/wswg.pl\/index.php?rest_route=\/wp\/v2\/types\/page"}],"author":[{"embeddable":true,"href":"https:\/\/wswg.pl\/index.php?rest_route=\/wp\/v2\/users\/1"}],"replies":[{"embeddable":true,"href":"https:\/\/wswg.pl\/index.php?rest_route=%2Fwp%2Fv2%2Fcomments&post=448"}],"version-history":[{"count":4,"href":"https:\/\/wswg.pl\/index.php?rest_route=\/wp\/v2\/pages\/448\/revisions"}],"predecessor-version":[{"id":456,"href":"https:\/\/wswg.pl\/index.php?rest_route=\/wp\/v2\/pages\/448\/revisions\/456"}],"wp:attachment":[{"href":"https:\/\/wswg.pl\/index.php?rest_route=%2Fwp%2Fv2%2Fmedia&parent=448"}],"curies":[{"name":"wp","href":"https:\/\/api.w.org\/{rel}","templated":true}]}}