{"id":308,"date":"2024-05-24T13:46:49","date_gmt":"2024-05-24T11:46:49","guid":{"rendered":"https:\/\/wswg.pl\/?page_id=308"},"modified":"2024-11-18T23:10:18","modified_gmt":"2024-11-18T22:10:18","slug":"zaproszenie-na-konferencje-w-dniu-15-czerwca-2024-r","status":"publish","type":"page","link":"https:\/\/wswg.pl\/?page_id=308","title":{"rendered":"PODZI\u0118KOWANIA:"},"content":{"rendered":"\n<div style=\"height:1.25rem\" aria-hidden=\"true\" class=\"wp-block-spacer\"><\/div>\n\n\n\n<h2 class=\"wp-block-heading alignwide has-text-align-left\">     Bardzo dzi\u0119kujemy wszystkim, kt\u00f3rzy wzi\u0119li udzia\u0142 w naszej konferencji &#8222;Znaczenie Gietrzwa\u0142du dla polskiego narodu i ko\u015bcio\u0142a &#8211; historia i wsp\u00f3\u0142czesno\u015b\u0107&#8221; w dniu 15 czerwca 2024 roku w Warszawie. <\/h2>\n\n\n\n<p><\/p>\n\n\n\n<h2 class=\"wp-block-heading alignwide has-text-align-left\">Szczeg\u00f3lne podzi\u0119kowania dla prelegent\u00f3w: pos\u0142a Grzegorza Brauna, ks. dr hab. Krzysztofa Bielawnego, mistrza Jerzego Dudy, Jacka Wi\u0105cka (Komitet Obrony Gietrzwa\u0142du), Jerzego Zieli\u0144skiego, dr Kazimierza Krawczyka i Ewy Paweli za wyk\u0142ady. Szcz\u0119\u015b\u0107 Wam Panie Bo\u017ce. <\/h2>\n\n\n\n<h2 class=\"wp-block-heading\">******************************************<\/h2>\n\n\n\n<h2 class=\"wp-block-heading alignwide\">Filmy z konferencji \u201eZnaczenie Gietrzwa\u0142du dla Polskiego Narodu i Ko\u015bcio\u0142a \u2013 historia i wsp\u00f3\u0142czesno\u015b\u0107\u201d. Warszawa 15 czerwca 2024 roku. Poni\u017csze filmy mo\u017cna tak\u017ce pr\u00f3bowa\u0107 obejrze\u0107 mi\u0119dzy innymi na kanale YT &#8222;Rafa\u0142 Mossakowski&#8221; i platformie Rumble &#8211; kana\u0142 &#8222;CEPolska&#8221;.<\/h2>\n\n\n\n<h2 class=\"wp-block-heading alignwide\">Prosimy o dystrybucj\u0119, publikowanie filmu &#8222;Gietrzwa\u0142d z nieba vs projekt Lidl&#8221;. Film w wysokiej jako\u015bci (format mkv, rozmiar 127 MB) mo\u017cemy przes\u0142a\u0107 za pomoc\u0105 jednej z wielu us\u0142ug www, np. WeTransfer. Od dystrybucji filmu nie pobieramy \u017cadnych op\u0142at. Kontaktowa\u0107 prosimy si\u0119 najlepiej przez poczt\u0119 e-mail.<\/h2>\n\n\n\n<p><\/p>\n\n\n\n<p><\/p>\n\n\n\n<p><\/p>\n\n\n\n<p><\/p>\n\n\n\n<p><\/p>\n\n\n\n<div class=\"wp-block-buttons alignwide is-layout-flex wp-block-buttons-is-layout-flex\">\n<div class=\"wp-block-button\"><a class=\"wp-block-button__link wp-element-button\" href=\"https:\/\/youtu.be\/XENi0EtdsK8\">Film &#8222;Gietrzwa\u0142d z nieba vs projekt Lidl&#8221;<\/a><\/div>\n<\/div>\n\n\n\n<div class=\"wp-block-buttons alignwide is-layout-flex wp-block-buttons-is-layout-flex\">\n<div class=\"wp-block-button\"><a class=\"wp-block-button__link wp-element-button\" href=\"https:\/\/www.youtube.com\/watch?v=Fh_t_IV0Xbc&amp;t=142s\">Wyk\u0142ad pos\u0142a Grzegorza Brauna kana\u0142 YT Centrum Edukacyjne Polska<\/a><\/div>\n<\/div>\n\n\n\n<div class=\"wp-block-buttons alignwide is-layout-flex wp-block-buttons-is-layout-flex\">\n<div class=\"wp-block-button\"><a class=\"wp-block-button__link wp-element-button\" href=\"https:\/\/www.youtube.com\/watch?v=mYq9NUAwz64&amp;t=257s\">Wyk\u0142ad Pani Ewy Paweli kana\u0142 YT Centrum Edukacyjne Polska<\/a><\/div>\n<\/div>\n\n\n\n<div class=\"wp-block-buttons alignwide is-layout-flex wp-block-buttons-is-layout-flex\">\n<div class=\"wp-block-button\"><a class=\"wp-block-button__link wp-element-button\" href=\"https:\/\/www.youtube.com\/watch?v=YJsbUj0jjCY\">Wyk\u0142ad ks. dr hab. Krzysztofa Bielawnego YT Centrum Edukacyjne Polska<\/a><\/div>\n<\/div>\n\n\n\n<div class=\"wp-block-buttons alignwide is-layout-flex wp-block-buttons-is-layout-flex\">\n<div class=\"wp-block-button\"><a class=\"wp-block-button__link wp-element-button\" href=\"https:\/\/www.youtube.com\/watch?v=q44JG3zW9Rs\">Wyk\u0142ad mistrza Jerzego Dudy YT Centrum Edukacyjne Polska<\/a><\/div>\n<\/div>\n\n\n\n<div class=\"wp-block-buttons alignwide is-layout-flex wp-block-buttons-is-layout-flex\">\n<div class=\"wp-block-button\"><a class=\"wp-block-button__link wp-element-button\" href=\"https:\/\/www.youtube.com\/watch?v=Y0mO9Q1haGk\">Wyk\u0142ad Pana Jacka Wi\u0105cka (Komitet Obrony Gietrzwa\u0142du) YT Centrum Edukacyjne Polska<\/a><\/div>\n<\/div>\n\n\n\n<div class=\"wp-block-buttons alignwide is-layout-flex wp-block-buttons-is-layout-flex\">\n<div class=\"wp-block-button\"><a class=\"wp-block-button__link wp-element-button\" href=\"https:\/\/www.youtube.com\/watch?v=Zuq7aHBIBU4\">Wyk\u0142ad Pana Jerzego Zieli\u0144skiego YT Centrum Edukacyjne Polska<\/a><\/div>\n<\/div>\n\n\n\n<div class=\"wp-block-buttons alignwide is-layout-flex wp-block-buttons-is-layout-flex\">\n<div class=\"wp-block-button\"><a class=\"wp-block-button__link wp-element-button\" href=\"https:\/\/www.youtube.com\/watch?v=mjZUrrl0PI8\">Wyk\u0142ad dr Kazimierza Krawczyka (Fundacja \u015aw. Olaf) YT Centrum Edukacyjne Polska<\/a><\/div>\n<\/div>\n\n\n\n<div class=\"wp-block-group alignfull has-global-padding is-layout-constrained wp-container-core-group-is-layout-490fa1db wp-block-group-is-layout-constrained\" style=\"padding-top:var(--wp--preset--spacing--50);padding-right:var(--wp--preset--spacing--50);padding-bottom:var(--wp--preset--spacing--50);padding-left:var(--wp--preset--spacing--50)\">\n<div style=\"height:var(--wp--preset--spacing--30)\" aria-hidden=\"true\" class=\"wp-block-spacer\"><\/div>\n\n\n\n<div class=\"wp-block-buttons is-content-justification-center is-layout-flex wp-container-core-buttons-is-layout-a89b3969 wp-block-buttons-is-layout-flex\">\n<div class=\"wp-block-button\"><a class=\"wp-block-button__link has-text-align-left wp-element-button\" href=\"https:\/\/wswg.pl\/\">Powr\u00f3t na stron\u0119 g\u0142\u00f3wn\u0105<\/a><\/div>\n<\/div>\n<\/div>\n\n\n\n<div class=\"wp-block-group alignfull has-global-padding is-layout-constrained wp-container-core-group-is-layout-d89aad35 wp-block-group-is-layout-constrained\" style=\"margin-top:0;margin-bottom:0;padding-top:var(--wp--preset--spacing--50);padding-right:var(--wp--preset--spacing--50);padding-bottom:var(--wp--preset--spacing--50);padding-left:var(--wp--preset--spacing--50)\"><\/div>\n\n\n\n<div class=\"wp-block-group alignfull has-base-color has-contrast-background-color has-text-color has-background has-global-padding is-layout-constrained wp-container-core-group-is-layout-ef3d885c wp-block-group-is-layout-constrained\" style=\"margin-top:0;margin-bottom:0;padding-top:var(--wp--preset--spacing--60);padding-right:var(--wp--preset--spacing--60);padding-bottom:var(--wp--preset--spacing--60);padding-left:var(--wp--preset--spacing--60)\">\n<div class=\"wp-block-group has-global-padding is-layout-constrained wp-block-group-is-layout-constrained\">\n<div style=\"height:var(--wp--preset--spacing--10)\" aria-hidden=\"true\" class=\"wp-block-spacer\"><\/div>\n\n\n\n<div class=\"wp-block-group is-vertical is-content-justification-center is-nowrap is-layout-flex wp-container-core-group-is-layout-2dc08cea wp-block-group-is-layout-flex\"><\/div>\n<\/div>\n<\/div>\n\n\n\n<div class=\"wp-block-group alignfull has-global-padding is-layout-constrained wp-container-core-group-is-layout-d89aad35 wp-block-group-is-layout-constrained\" style=\"margin-top:0;margin-bottom:0;padding-top:var(--wp--preset--spacing--50);padding-right:var(--wp--preset--spacing--50);padding-bottom:var(--wp--preset--spacing--50);padding-left:var(--wp--preset--spacing--50)\">\n<div class=\"wp-block-group alignwide has-global-padding is-layout-constrained wp-block-group-is-layout-constrained\"><\/div>\n<\/div>\n\n\n\n<div class=\"wp-block-group alignfull has-global-padding is-layout-constrained wp-container-core-group-is-layout-d89aad35 wp-block-group-is-layout-constrained\" style=\"margin-top:0;margin-bottom:0;padding-top:var(--wp--preset--spacing--50);padding-right:var(--wp--preset--spacing--50);padding-bottom:var(--wp--preset--spacing--50);padding-left:var(--wp--preset--spacing--50)\"><\/div>\n","protected":false},"excerpt":{"rendered":"<p>Bardzo dzi\u0119kujemy wszystkim, kt\u00f3rzy wzi\u0119li udzia\u0142 w naszej konferencji &#8222;Znaczenie Gietrzwa\u0142du dla polskiego narodu i ko\u015bcio\u0142a &#8211; historia i wsp\u00f3\u0142czesno\u015b\u0107&#8221; w dniu 15 czerwca 2024 roku w Warszawie. Szczeg\u00f3lne podzi\u0119kowania dla prelegent\u00f3w: pos\u0142a Grzegorza Brauna, ks. dr hab. Krzysztofa Bielawnego, mistrza Jerzego Dudy, Jacka Wi\u0105cka (Komitet Obrony Gietrzwa\u0142du), Jerzego Zieli\u0144skiego, dr Kazimierza Krawczyka i Ewy [&hellip;]<\/p>\n","protected":false},"author":1,"featured_media":0,"parent":0,"menu_order":0,"comment_status":"closed","ping_status":"closed","template":"","meta":{"footnotes":""},"class_list":["post-308","page","type-page","status-publish","hentry"],"yoast_head":"<!-- This site is optimized with the Yoast SEO plugin v22.4 - https:\/\/yoast.com\/wordpress\/plugins\/seo\/ -->\n<title>PODZI\u0118KOWANIA: - wordpressplugins<\/title>\n<meta name=\"robots\" content=\"index, follow, max-snippet:-1, max-image-preview:large, max-video-preview:-1\" \/>\n<link rel=\"canonical\" href=\"https:\/\/wswg.pl\/?page_id=308\" \/>\n<meta property=\"og:locale\" content=\"pl_PL\" \/>\n<meta property=\"og:type\" content=\"article\" \/>\n<meta property=\"og:title\" content=\"PODZI\u0118KOWANIA: - wordpressplugins\" \/>\n<meta property=\"og:description\" content=\"Bardzo dzi\u0119kujemy wszystkim, kt\u00f3rzy wzi\u0119li udzia\u0142 w naszej konferencji &#8222;Znaczenie Gietrzwa\u0142du dla polskiego narodu i ko\u015bcio\u0142a &#8211; historia i wsp\u00f3\u0142czesno\u015b\u0107&#8221; w dniu 15 czerwca 2024 roku w Warszawie. Szczeg\u00f3lne podzi\u0119kowania dla prelegent\u00f3w: pos\u0142a Grzegorza Brauna, ks. dr hab. Krzysztofa Bielawnego, mistrza Jerzego Dudy, Jacka Wi\u0105cka (Komitet Obrony Gietrzwa\u0142du), Jerzego Zieli\u0144skiego, dr Kazimierza Krawczyka i Ewy [&hellip;]\" \/>\n<meta property=\"og:url\" content=\"https:\/\/wswg.pl\/?page_id=308\" \/>\n<meta property=\"og:site_name\" content=\"wordpressplugins\" \/>\n<meta property=\"article:modified_time\" content=\"2024-11-18T22:10:18+00:00\" \/>\n<meta name=\"twitter:card\" content=\"summary_large_image\" \/>\n<meta name=\"twitter:label1\" content=\"Szacowany czas czytania\" \/>\n\t<meta name=\"twitter:data1\" content=\"2 minuty\" \/>\n<script type=\"application\/ld+json\" class=\"yoast-schema-graph\">{\"@context\":\"https:\/\/schema.org\",\"@graph\":[{\"@type\":\"WebPage\",\"@id\":\"https:\/\/wswg.pl\/?page_id=308\",\"url\":\"https:\/\/wswg.pl\/?page_id=308\",\"name\":\"PODZI\u0118KOWANIA: - wordpressplugins\",\"isPartOf\":{\"@id\":\"https:\/\/wswg.pl\/#website\"},\"datePublished\":\"2024-05-24T11:46:49+00:00\",\"dateModified\":\"2024-11-18T22:10:18+00:00\",\"breadcrumb\":{\"@id\":\"https:\/\/wswg.pl\/?page_id=308#breadcrumb\"},\"inLanguage\":\"pl-PL\",\"potentialAction\":[{\"@type\":\"ReadAction\",\"target\":[\"https:\/\/wswg.pl\/?page_id=308\"]}]},{\"@type\":\"BreadcrumbList\",\"@id\":\"https:\/\/wswg.pl\/?page_id=308#breadcrumb\",\"itemListElement\":[{\"@type\":\"ListItem\",\"position\":1,\"name\":\"Home\",\"item\":\"https:\/\/wswg.pl\/\"},{\"@type\":\"ListItem\",\"position\":2,\"name\":\"PODZI\u0118KOWANIA:\"}]},{\"@type\":\"WebSite\",\"@id\":\"https:\/\/wswg.pl\/#website\",\"url\":\"https:\/\/wswg.pl\/\",\"name\":\"wordpressplugins\",\"description\":\"1-sza strona wswg\",\"potentialAction\":[{\"@type\":\"SearchAction\",\"target\":{\"@type\":\"EntryPoint\",\"urlTemplate\":\"https:\/\/wswg.pl\/?s={search_term_string}\"},\"query-input\":\"required name=search_term_string\"}],\"inLanguage\":\"pl-PL\"}]}<\/script>\n<!-- \/ Yoast SEO plugin. -->","yoast_head_json":{"title":"PODZI\u0118KOWANIA: - wordpressplugins","robots":{"index":"index","follow":"follow","max-snippet":"max-snippet:-1","max-image-preview":"max-image-preview:large","max-video-preview":"max-video-preview:-1"},"canonical":"https:\/\/wswg.pl\/?page_id=308","og_locale":"pl_PL","og_type":"article","og_title":"PODZI\u0118KOWANIA: - wordpressplugins","og_description":"Bardzo dzi\u0119kujemy wszystkim, kt\u00f3rzy wzi\u0119li udzia\u0142 w naszej konferencji &#8222;Znaczenie Gietrzwa\u0142du dla polskiego narodu i ko\u015bcio\u0142a &#8211; historia i wsp\u00f3\u0142czesno\u015b\u0107&#8221; w dniu 15 czerwca 2024 roku w Warszawie. Szczeg\u00f3lne podzi\u0119kowania dla prelegent\u00f3w: pos\u0142a Grzegorza Brauna, ks. dr hab. Krzysztofa Bielawnego, mistrza Jerzego Dudy, Jacka Wi\u0105cka (Komitet Obrony Gietrzwa\u0142du), Jerzego Zieli\u0144skiego, dr Kazimierza Krawczyka i Ewy [&hellip;]","og_url":"https:\/\/wswg.pl\/?page_id=308","og_site_name":"wordpressplugins","article_modified_time":"2024-11-18T22:10:18+00:00","twitter_card":"summary_large_image","twitter_misc":{"Szacowany czas czytania":"2 minuty"},"schema":{"@context":"https:\/\/schema.org","@graph":[{"@type":"WebPage","@id":"https:\/\/wswg.pl\/?page_id=308","url":"https:\/\/wswg.pl\/?page_id=308","name":"PODZI\u0118KOWANIA: - wordpressplugins","isPartOf":{"@id":"https:\/\/wswg.pl\/#website"},"datePublished":"2024-05-24T11:46:49+00:00","dateModified":"2024-11-18T22:10:18+00:00","breadcrumb":{"@id":"https:\/\/wswg.pl\/?page_id=308#breadcrumb"},"inLanguage":"pl-PL","potentialAction":[{"@type":"ReadAction","target":["https:\/\/wswg.pl\/?page_id=308"]}]},{"@type":"BreadcrumbList","@id":"https:\/\/wswg.pl\/?page_id=308#breadcrumb","itemListElement":[{"@type":"ListItem","position":1,"name":"Home","item":"https:\/\/wswg.pl\/"},{"@type":"ListItem","position":2,"name":"PODZI\u0118KOWANIA:"}]},{"@type":"WebSite","@id":"https:\/\/wswg.pl\/#website","url":"https:\/\/wswg.pl\/","name":"wordpressplugins","description":"1-sza strona wswg","potentialAction":[{"@type":"SearchAction","target":{"@type":"EntryPoint","urlTemplate":"https:\/\/wswg.pl\/?s={search_term_string}"},"query-input":"required name=search_term_string"}],"inLanguage":"pl-PL"}]}},"_links":{"self":[{"href":"https:\/\/wswg.pl\/index.php?rest_route=\/wp\/v2\/pages\/308","targetHints":{"allow":["GET"]}}],"collection":[{"href":"https:\/\/wswg.pl\/index.php?rest_route=\/wp\/v2\/pages"}],"about":[{"href":"https:\/\/wswg.pl\/index.php?rest_route=\/wp\/v2\/types\/page"}],"author":[{"embeddable":true,"href":"https:\/\/wswg.pl\/index.php?rest_route=\/wp\/v2\/users\/1"}],"replies":[{"embeddable":true,"href":"https:\/\/wswg.pl\/index.php?rest_route=%2Fwp%2Fv2%2Fcomments&post=308"}],"version-history":[{"count":25,"href":"https:\/\/wswg.pl\/index.php?rest_route=\/wp\/v2\/pages\/308\/revisions"}],"predecessor-version":[{"id":392,"href":"https:\/\/wswg.pl\/index.php?rest_route=\/wp\/v2\/pages\/308\/revisions\/392"}],"wp:attachment":[{"href":"https:\/\/wswg.pl\/index.php?rest_route=%2Fwp%2Fv2%2Fmedia&parent=308"}],"curies":[{"name":"wp","href":"https:\/\/api.w.org\/{rel}","templated":true}]}}